{"id":1355,"date":"2019-07-23T05:58:02","date_gmt":"2019-07-23T05:58:02","guid":{"rendered":"https:\/\/kidsgogreen.eu\/privacy-policy\/"},"modified":"2019-11-07T15:45:07","modified_gmt":"2019-11-07T15:45:07","slug":"privacy-policy","status":"publish","type":"page","link":"https:\/\/kidsgogreen.eu\/en\/privacy-policy\/","title":{"rendered":"Privacy Policy"},"content":{"rendered":"\t\t<div data-elementor-type=\"wp-post\" data-elementor-id=\"1355\" class=\"elementor elementor-1355 elementor-397\" data-elementor-post-type=\"page\">\n\t\t\t\t\t\t<section class=\"has_ae_slider elementor-section elementor-top-section elementor-element elementor-element-53acc80e elementor-section-content-middle elementor-section-boxed elementor-section-height-default elementor-section-height-default ae-bg-gallery-type-default\" data-id=\"53acc80e\" data-element_type=\"section\" data-e-type=\"section\" data-settings=\"{&quot;background_background&quot;:&quot;classic&quot;,&quot;animation&quot;:&quot;none&quot;}\">\n\t\t\t\t\t\t\t<div class=\"elementor-background-overlay\"><\/div>\n\t\t\t\t\t\t\t<div class=\"elementor-container elementor-column-gap-default\">\n\t\t\t\t\t<div class=\"has_ae_slider elementor-column elementor-col-100 elementor-top-column elementor-element elementor-element-101628a3 ae-bg-gallery-type-default\" data-id=\"101628a3\" data-element_type=\"column\" data-e-type=\"column\">\n\t\t\t<div class=\"elementor-widget-wrap elementor-element-populated\">\n\t\t\t\t\t\t<div class=\"elementor-element elementor-element-1036a205 elementor-invisible elementor-widget elementor-widget-heading\" data-id=\"1036a205\" data-element_type=\"widget\" data-e-type=\"widget\" data-settings=\"{&quot;_animation&quot;:&quot;fadeInDown&quot;}\" data-widget_type=\"heading.default\">\n\t\t\t\t<div class=\"elementor-widget-container\">\n\t\t\t\t\t<h1 class=\"elementor-heading-title elementor-size-default\">Privacy Policy<\/h1>\t\t\t\t<\/div>\n\t\t\t\t<\/div>\n\t\t\t\t\t<\/div>\n\t\t<\/div>\n\t\t\t\t\t<\/div>\n\t\t<\/section>\n\t\t\t\t<section class=\"has_ae_slider elementor-section elementor-top-section elementor-element elementor-element-fc27002 elementor-section-boxed elementor-section-height-default elementor-section-height-default ae-bg-gallery-type-default\" data-id=\"fc27002\" data-element_type=\"section\" data-e-type=\"section\">\n\t\t\t\t\t\t<div class=\"elementor-container elementor-column-gap-default\">\n\t\t\t\t\t<div class=\"has_ae_slider elementor-column elementor-col-100 elementor-top-column elementor-element elementor-element-729e408 ae-bg-gallery-type-default\" data-id=\"729e408\" data-element_type=\"column\" data-e-type=\"column\">\n\t\t\t<div class=\"elementor-widget-wrap elementor-element-populated\">\n\t\t\t\t\t\t<div class=\"elementor-element elementor-element-0f4cbc8 elementor-widget elementor-widget-text-editor\" data-id=\"0f4cbc8\" data-element_type=\"widget\" data-e-type=\"widget\" data-widget_type=\"text-editor.default\">\n\t\t\t\t<div class=\"elementor-widget-container\">\n\t\t\t\t\t\t\t\t\t<h3>Informativa sul trattamento dei dati personali<\/h3>\n<p>Ai sensi del Regolamento UE 2016\/679 (GDPR) e del Decreto Legislativo 30 giugno 2003, n. 196 e s.m.i, questa informativa descrive le tipologie di dati personali degli utenti che consultano le nostre pagine web e ne utilizzano gli eventuali servizi e le modalit\u00e0 in cui questi dati vengono raccolti, condivisi e protetti.<\/p>\n<h4>Tipi di dati trattati e finalit\u00e0 del trattamento<\/h4>\n<h5><span style=\"text-decoration: underline;\">Dati di navigazione<\/span><\/h5>\n<p>Durante la navigazione di questo sito web, la lettura delle sue pagine, e durante lo scaricamento delle informazioni in esso contenute, esso acquisisce alcuni dati di navigazione, la cui trasmissione \u00e8 implicita nell\u2019uso dei protocolli di comunicazione di Internet. Oltre a questo, un sito web terzo raccoglier\u00e0 e memorizzer\u00e0 automaticamente alcune informazioni relative alla vostra visita.<br \/>In questa categoria rientrano: gli indirizzi IP dell\u2019utente, il tipo di browser utilizzato, gli indirizzi dei siti web dai quali \u00e8 stato effettuato l\u2019accesso, le pagine visitate all\u2019interno del sito, l\u2019orario d\u2019accesso, il codice numerico indicante lo stato della risposta data dal server e altri parametri relativi al sistema operativo e all\u2019ambiente informatico dell\u2019utente.<br \/>Questi dati, necessari alla fruizione dei servizi web, non sono raccolti per essere associati a interessati identificati, ma vengono utilizzati per rendere il sito pi\u00f9 utile per i suoi visitatori, per ottenere informazioni statistiche aggregate e anonime sull\u2019uso del sito e per controllarne il corretto funzionamento. Gli stessi potrebbero essere utilizzati per l\u2019accertamento di responsabilit\u00e0 in caso di compimento di reati informatici o di atti di danneggiamento del sito. Nessuna informazione su utenti\/visitatori verr\u00e0 venduta, condivisa o utilizzata per finalit\u00e0 commerciali.<\/p>\n<h5><span style=\"text-decoration: underline;\">Dati forniti volontariamente dagli utenti<\/span><\/h5>\n<p>La trasmissione facoltativa, volontaria ed esplicita di dati personali durante la navigazione del sito, ad esempio registrandosi, accedendo ad un\u2019area riservata o ad un servizio (come ad esempio per adesione alle newsletters e il webform per la richiesta di contatto) comporta la successiva acquisizione di tali dati per il solo scopo di rispondere\/dare riscontro alle richieste degli Utenti e gestire i servizi web stessi. I trattamenti posti in essere per queste finalit\u00e0 sono effettuati con lo specifico consenso fornito dall\u2019utente e i dati vengono conservati per la sola durata dell\u2019attivit\u00e0 richiesta. Specifiche informative verranno visualizzate nelle pagine del sito predisposte per particolari servizi a richiesta.<br \/>L\u2019invio facoltativo, esplicito e volontario di dati personali agli indirizzi indicati su questo sito o attraverso appositi form di richiesta di contatto comporta la successiva acquisizione dell\u2019indirizzo di posta elettronica del mittente, necessario per rispondere alle richieste, nonch\u00e9 degli eventuali altri dati personali inseriti nel messaggio.<br \/>\u00c8 escluso il trattamento di dati personali di natura particolare o dati giudiziari che, se eventualmente forniti dagli utenti, saranno cancellati.<br \/>I dati personali forniti dagli utenti sono utilizzati per la gestione di servizi telematici relativi ai siti di FBK, nell\u2019ambito degli obiettivi istituzionali di ricerca scientifica e attivit\u00e0 amministrative e potrebbero essere utilizzati per l\u2019accertamento di responsabilit\u00e0 degli Utenti in caso di eventuali reati digitali ai danni del sito.<\/p>\n<h4>Modalit\u00e0, durata e luogo del trattamento<\/h4>\n<p>Il trattamento dei dati personali viene effettuato prevalentemente utilizzando procedure e supporti elettronici e in modo lecito, corretto, pertinente, limitato a quanto necessario al raggiungimento delle finalit\u00e0 del trattamento, per il solo tempo strettamente necessario a conseguire gli scopi per cui sono stati raccolti e comunque in conformit\u00e0 ai principi indicati nell\u2019art. 5 del GDPR.<br \/>Specifiche misure di sicurezza sono osservate per prevenire la perdita dei dati, usi illeciti o non corretti e accessi non autorizzati.<br \/>Non \u00e8 previsto alcun processo decisionale automatizzato, n\u00e9 alcuna attivit\u00e0 di profilazione.<br \/>I dati personali presenti sul sito ed i relativi servizi telematici sono trattati principalmente negli uffici situati nelle sedi di Trento della Fondazione (Italia) dal personale autorizzato con l\u2019eventuale ausilio di strumenti informatici che comportano il trattamento nell\u2019Unione Europea oppure in Paesi per i quali la Commissione ha assunto decisione di adeguatezza della protezione dei dati personali.<\/p>\n<h4>Comunicazione e diffusione<\/h4>\n<p>I dati raccolti non saranno oggetto di diffusione o comunicazione a terzi, se non nei casi previsti dalla legge e, comunque, con le modalit\u00e0 da queste consentite. I dati potranno venire a conoscenza del personale della Fondazione, nell\u2019ambito delle rispettive funzioni e in conformit\u00e0 alle istruzioni ricevute, soltanto per il conseguimento delle finalit\u00e0 indicate in questa informativa.<\/p>\n<h4>Diritti degli interessati<\/h4>\n<p>Ai sensi del Capo III del GDPR l\u2019utente pu\u00f2 esercitare i seguenti diritti di:<br \/>a) accesso ai dati personali (avr\u00e0 quindi il diritto di avere gratuitamente le informazioni in merito ai dati personali detenuti dal Titolare, nonch\u00e9 di ottenerne copia in formato accessibile);<br \/>b) rettifica dei dati non corretti, imprecisi, o obsoleti (su sua segnalazione, e ove non siano espressione di elementi valutativi);<br \/>c) revoca del consenso (qualora il trattamento avvenga in forza di consenso manifestato, potr\u00e0 in qualsiasi momento revocare il consenso e tale revoca comporter\u00e0 la cessazione del trattamento);<br \/>d) cancellazione dei dati \u2013 diritto all\u2019oblio &#8211; (ad esempio, in caso di revoca del consenso, se non sussiste altro fondamento giuridico per il trattamento); <br \/>e) limitazione del trattamento (in determinati casi \u2013 contestazione dell\u2019esattezza dei dati, per il tempo necessario alla verifica; contestazione della liceit\u00e0 del trattamento con opposizione alla cancellazione; necessit\u00e0 di utilizzo dei dati per i diritti di difesa, mentre essi non sono pi\u00f9 utili ai fini del trattamento; se vi \u00e8 opposizione al trattamento, mentre vengono svolte le necessarie verifiche \u2013 i dati verranno conservati con modalit\u00e0 tali da poter essere eventualmente ripristinati, ma, nel mentre, non sono consultabili dal Titolare se non in relazione alla validit\u00e0 della richiesta di limitazione);<br \/>f) opposizione al trattamento per motivi legittimi (in determinate circostanze, potr\u00e0 opporsi al trattamento dei dati, ed in ogni caso potr\u00e0 opporsi al trattamento effettuato ai fini di marketing diretto);<br \/>g) portabilit\u00e0 dei dati (su richiesta, i dati saranno trasmessi al soggetto indicato in formato che renda agevole la loro consultazione ed utilizzo);<br \/>h) proposizione reclamo all&#8217;autorit\u00e0 di controllo (<a href=\"https:\/\/garanteprivacy.it\/\">Garante Privacy<\/a>).<\/p>\n<p><strong>Per informazioni e contatti specificamente relativi alla tutela dei dati personali, compreso l\u2019esercizio dei sopraccitati diritti, si prega di rivolgere eventuali richieste all\u2019indirizzo e-mail: <\/strong><strong><a href=\"mailto:info-kids-go-green@googlegroups.com\">info-kids-go-green@googlegroups.com<\/a>\u00a0<\/strong> <\/p>\n<h4>Il Titolare del trattamento<\/h4>\n<p>Il Titolare del trattamento \u00e8 la Fondazione Bruno Kessler (FBK), con sede a Trento, via Santa Croce, 77 \u2013 <a href=\"mailto:segr.presidenza@fbk.eu\">segr.presidenza@fbk.eu<\/a>.<\/p>\n<h4>Il Responsabile della Protezione dei Dati<\/h4>\n<p>Il Responsabile per la Protezione dei Dati della Fondazione \u00e8 contattabile all\u2019indirizzo email: <a href=\"mailto:privacy@fbk.eu\">privacy@fbk.eu<\/a>.<\/p>\n\t\t\t\t\t\t\t\t<\/div>\n\t\t\t\t<\/div>\n\t\t\t\t\t<\/div>\n\t\t<\/div>\n\t\t\t\t\t<\/div>\n\t\t<\/section>\n\t\t\t\t<\/div>\n\t\t","protected":false},"excerpt":{"rendered":"<p>Privacy Policy Informativa sul trattamento dei dati personali Ai sensi del Regolamento UE 2016\/679 (GDPR) e del Decreto Legislativo 30 giugno 2003, n. 196 e s.m.i, questa informativa descrive le tipologie di dati personali degli utenti che consultano le nostre pagine web e ne utilizzano gli eventuali servizi e le modalit\u00e0 in cui questi dati [&hellip;]<\/p>\n","protected":false},"author":1,"featured_media":0,"parent":0,"menu_order":0,"comment_status":"closed","ping_status":"closed","template":"","meta":{"footnotes":""},"class_list":["post-1355","page","type-page","status-publish","hentry"],"_links":{"self":[{"href":"https:\/\/kidsgogreen.eu\/en\/wp-json\/wp\/v2\/pages\/1355","targetHints":{"allow":["GET"]}}],"collection":[{"href":"https:\/\/kidsgogreen.eu\/en\/wp-json\/wp\/v2\/pages"}],"about":[{"href":"https:\/\/kidsgogreen.eu\/en\/wp-json\/wp\/v2\/types\/page"}],"author":[{"embeddable":true,"href":"https:\/\/kidsgogreen.eu\/en\/wp-json\/wp\/v2\/users\/1"}],"replies":[{"embeddable":true,"href":"https:\/\/kidsgogreen.eu\/en\/wp-json\/wp\/v2\/comments?post=1355"}],"version-history":[{"count":4,"href":"https:\/\/kidsgogreen.eu\/en\/wp-json\/wp\/v2\/pages\/1355\/revisions"}],"predecessor-version":[{"id":1770,"href":"https:\/\/kidsgogreen.eu\/en\/wp-json\/wp\/v2\/pages\/1355\/revisions\/1770"}],"wp:attachment":[{"href":"https:\/\/kidsgogreen.eu\/en\/wp-json\/wp\/v2\/media?parent=1355"}],"curies":[{"name":"wp","href":"https:\/\/api.w.org\/{rel}","templated":true}]}}